{"id":8,"date":"2014-12-27T10:22:49","date_gmt":"2014-12-27T10:22:49","guid":{"rendered":"http:\/\/www.xn--lisbassoa-x2aa.fi\/VilleSantikko\/?page_id=8"},"modified":"2021-12-14T12:28:56","modified_gmt":"2021-12-14T10:28:56","slug":"tietoja-minusta","status":"publish","type":"page","link":"http:\/\/www.xn--lisbassoa-x2aa.fi\/VilleSantikko\/tietoja-minusta\/","title":{"rendered":"Tietoja minusta"},"content":{"rendered":"<p><a href=\"http:\/\/www.xn--lisbassoa-x2aa.fi\/VilleSantikko\/wp-content\/uploads\/2021\/12\/ville20210716_095958-Small.jpg\"><img loading=\"lazy\" decoding=\"async\" class=\"alignnone wp-image-361 size-medium\" src=\"http:\/\/www.xn--lisbassoa-x2aa.fi\/VilleSantikko\/wp-content\/uploads\/2021\/12\/ville20210716_095958-Small-300x275.jpg\" alt=\"\" width=\"300\" height=\"275\" srcset=\"http:\/\/www.xn--lisbassoa-x2aa.fi\/VilleSantikko\/wp-content\/uploads\/2021\/12\/ville20210716_095958-Small-300x275.jpg 300w, http:\/\/www.xn--lisbassoa-x2aa.fi\/VilleSantikko\/wp-content\/uploads\/2021\/12\/ville20210716_095958-Small.jpg 523w\" sizes=\"auto, (max-width: 300px) 100vw, 300px\" \/><\/a><\/p>\n<p>Ville Santikko, Pori<\/p>\n<p>Omistan hyv\u00e4t kuvamanipulaatio taidot, videoeditointi taidot ja osaan tarpeen tullen my\u00f6s nolata itseni kameran edess\u00e4.<\/p>\n<p>Olen tehnyt videokuvausta ja editointia yli kymmenen vuotta, josta suurin osa olen my\u00f6s markkinoinut omia kanavia ja tehnyt mainosmateriaalia eri yrityksille.<\/p>\n<p>Jos sinulta puuttuu osaava tekij\u00e4, somesivujen p\u00e4ivittelyyn, mainoksen tekemiseen tai muuten vaan tarvitset jonkintasoista kuva\/video -manipulaatiota niin olehan yhteyksiss\u00e4!<\/p>\n<p>Kiinnostuksen kohteet:<br \/>\nAutohifi, Lohkoketjuteknologia, Kuva\/video -manipulointi, NFT, 3D mallinnokset, Blender, Photoshop, After Effects, Fusion360.<\/p>\n<p>Linkedin:<br \/>\n<a href=\"https:\/\/www.linkedin.com\/in\/vsantikko\">https:\/\/www.linkedin.com\/in\/vsantikko<\/a><\/p>\n<p>Olen luonut seuraavia sivustoja:<\/p>\n<p><a href=\"http:\/\/www.kiinteistohuolto-saranpaa.com\/wordpress\/\">Kiinteist\u00f6huolto Saranp\u00e4\u00e4<\/a><\/p>\n<p><a href=\"https:\/\/www.youtube.com\/c\/TeamPeranurkka\">team #per\u00e4nurkka<\/a><\/p>\n<p><a href=\"https:\/\/www.xn--lisbassoa-x2aa.fi\/\">Lis\u00e4\u00e4bassoa.fi<\/a><\/p>\n<p><a href=\"https:\/\/strongsoundsolution.vilkas.shop\/\">StrongSoundSolution<\/a><\/p>\n<p><a href=\"https:\/\/www.jpsantikko.fi\/\">JPSantikko<\/a><\/p>\n<p>Yhteystiedot:<br \/>\nVille Santikko<\/p>\n<p>ville@santikko.net<\/p>\n","protected":false},"excerpt":{"rendered":"<p>Ville Santikko, Pori Omistan hyv\u00e4t kuvamanipulaatio taidot, videoeditointi taidot ja osaan tarpeen tullen my\u00f6s nolata itseni kameran edess\u00e4. Olen tehnyt videokuvausta ja editointia yli kymmenen vuotta, josta suurin osa olen my\u00f6s markkinoinut omia kanavia ja tehnyt mainosmateriaalia eri yrityksille. Jos sinulta puuttuu osaava tekij\u00e4, somesivujen p\u00e4ivittelyyn, mainoksen tekemiseen tai muuten vaan tarvitset jonkintasoista kuva\/video -manipulaatiota<\/p><\/div>\n<div class=\"blog-btn\"><a href=\"http:\/\/www.xn--lisbassoa-x2aa.fi\/VilleSantikko\/tietoja-minusta\/\" class=\"home-blog-btn\">Lue lis\u00e4\u00e4<\/a><\/p>\n","protected":false},"author":1,"featured_media":0,"parent":0,"menu_order":99,"comment_status":"open","ping_status":"closed","template":"","meta":{"footnotes":""},"class_list":["post-8","page","type-page","status-publish","hentry"],"_links":{"self":[{"href":"http:\/\/www.xn--lisbassoa-x2aa.fi\/VilleSantikko\/wp-json\/wp\/v2\/pages\/8","targetHints":{"allow":["GET"]}}],"collection":[{"href":"http:\/\/www.xn--lisbassoa-x2aa.fi\/VilleSantikko\/wp-json\/wp\/v2\/pages"}],"about":[{"href":"http:\/\/www.xn--lisbassoa-x2aa.fi\/VilleSantikko\/wp-json\/wp\/v2\/types\/page"}],"author":[{"embeddable":true,"href":"http:\/\/www.xn--lisbassoa-x2aa.fi\/VilleSantikko\/wp-json\/wp\/v2\/users\/1"}],"replies":[{"embeddable":true,"href":"http:\/\/www.xn--lisbassoa-x2aa.fi\/VilleSantikko\/wp-json\/wp\/v2\/comments?post=8"}],"version-history":[{"count":8,"href":"http:\/\/www.xn--lisbassoa-x2aa.fi\/VilleSantikko\/wp-json\/wp\/v2\/pages\/8\/revisions"}],"predecessor-version":[{"id":431,"href":"http:\/\/www.xn--lisbassoa-x2aa.fi\/VilleSantikko\/wp-json\/wp\/v2\/pages\/8\/revisions\/431"}],"wp:attachment":[{"href":"http:\/\/www.xn--lisbassoa-x2aa.fi\/VilleSantikko\/wp-json\/wp\/v2\/media?parent=8"}],"curies":[{"name":"wp","href":"https:\/\/api.w.org\/{rel}","templated":true}]}}