{"id":25,"date":"2015-01-31T22:03:40","date_gmt":"2015-01-31T22:03:40","guid":{"rendered":"http:\/\/www.xn--lisbassoa-x2aa.fi\/VilleSantikko\/?page_id=25"},"modified":"2021-12-14T10:29:11","modified_gmt":"2021-12-14T08:29:11","slug":"tuote-esittelyt","status":"publish","type":"page","link":"http:\/\/www.xn--lisbassoa-x2aa.fi\/VilleSantikko\/tuote-esittelyt\/","title":{"rendered":"Tuote-esittelyt"},"content":{"rendered":"<p>Olen tehnyt tuote-esittelyit\u00e4, enk\u00e4 pelk\u00e4\u00e4 olla kameran edess\u00e4.<br \/>\nVideoita on eksynyt YouTubeen 1300+ kappaletta, t\u00e4ss\u00e4 muutama viimeisin tuotos vuodelta 2020:<\/p>\n<p><iframe loading=\"lazy\" title=\"Esittelyss\u00e4: Rode NTG4 haulikkomikrofoni\" width=\"696\" height=\"392\" src=\"https:\/\/www.youtube.com\/embed\/XMycSp9zpTE?feature=oembed\" frameborder=\"0\" allow=\"accelerometer; autoplay; clipboard-write; encrypted-media; gyroscope; picture-in-picture\" allowfullscreen><\/iframe><\/p>\n<p><iframe loading=\"lazy\" title=\"Esittelyss\u00e4: B2 Audio Rampage 12D1\" width=\"696\" height=\"392\" src=\"https:\/\/www.youtube.com\/embed\/D7Hkpoir5q4?feature=oembed\" frameborder=\"0\" allow=\"accelerometer; autoplay; clipboard-write; encrypted-media; gyroscope; picture-in-picture\" allowfullscreen><\/iframe><\/p>\n<p><iframe loading=\"lazy\" title=\"Esittelyss\u00e4: Pride Sv.3 15\u2033\" width=\"696\" height=\"392\" src=\"https:\/\/www.youtube.com\/embed\/-xNOP49Km4Y?feature=oembed\" frameborder=\"0\" allow=\"accelerometer; autoplay; clipboard-write; encrypted-media; gyroscope; picture-in-picture\" allowfullscreen><\/iframe><\/p>\n<p><iframe loading=\"lazy\" title=\"Esittelyss\u00e4: Zapco ST-4B\" width=\"696\" height=\"392\" src=\"https:\/\/www.youtube.com\/embed\/vAf9HM-zQwU?feature=oembed\" frameborder=\"0\" allow=\"accelerometer; autoplay; clipboard-write; encrypted-media; gyroscope; picture-in-picture\" allowfullscreen><\/iframe><\/p>\n<p><iframe loading=\"lazy\" title=\"Esittelyss\u00e4: Pioneer AVIC-F60DAB navi-\/multimediasoitin\" width=\"696\" height=\"392\" src=\"https:\/\/www.youtube.com\/embed\/q7OXUe6ZAKo?feature=oembed\" frameborder=\"0\" allow=\"accelerometer; autoplay; clipboard-write; encrypted-media; gyroscope; picture-in-picture\" allowfullscreen><\/iframe><\/p>\n","protected":false},"excerpt":{"rendered":"<p>Olen tehnyt tuote-esittelyit\u00e4, enk\u00e4 pelk\u00e4\u00e4 olla kameran edess\u00e4. Videoita on eksynyt YouTubeen 1300+ kappaletta, t\u00e4ss\u00e4 muutama viimeisin tuotos vuodelta 2020:<\/p>\n","protected":false},"author":1,"featured_media":0,"parent":0,"menu_order":5,"comment_status":"open","ping_status":"closed","template":"","meta":{"footnotes":""},"class_list":["post-25","page","type-page","status-publish","hentry"],"_links":{"self":[{"href":"http:\/\/www.xn--lisbassoa-x2aa.fi\/VilleSantikko\/wp-json\/wp\/v2\/pages\/25","targetHints":{"allow":["GET"]}}],"collection":[{"href":"http:\/\/www.xn--lisbassoa-x2aa.fi\/VilleSantikko\/wp-json\/wp\/v2\/pages"}],"about":[{"href":"http:\/\/www.xn--lisbassoa-x2aa.fi\/VilleSantikko\/wp-json\/wp\/v2\/types\/page"}],"author":[{"embeddable":true,"href":"http:\/\/www.xn--lisbassoa-x2aa.fi\/VilleSantikko\/wp-json\/wp\/v2\/users\/1"}],"replies":[{"embeddable":true,"href":"http:\/\/www.xn--lisbassoa-x2aa.fi\/VilleSantikko\/wp-json\/wp\/v2\/comments?post=25"}],"version-history":[{"count":5,"href":"http:\/\/www.xn--lisbassoa-x2aa.fi\/VilleSantikko\/wp-json\/wp\/v2\/pages\/25\/revisions"}],"predecessor-version":[{"id":349,"href":"http:\/\/www.xn--lisbassoa-x2aa.fi\/VilleSantikko\/wp-json\/wp\/v2\/pages\/25\/revisions\/349"}],"wp:attachment":[{"href":"http:\/\/www.xn--lisbassoa-x2aa.fi\/VilleSantikko\/wp-json\/wp\/v2\/media?parent=25"}],"curies":[{"name":"wp","href":"https:\/\/api.w.org\/{rel}","templated":true}]}}