{"id":10,"date":"2014-12-27T10:23:10","date_gmt":"2014-12-27T10:23:10","guid":{"rendered":"http:\/\/www.xn--lisbassoa-x2aa.fi\/VilleSantikko\/?page_id=10"},"modified":"2021-12-14T10:55:14","modified_gmt":"2021-12-14T08:55:14","slug":"referenssit","status":"publish","type":"page","link":"http:\/\/www.xn--lisbassoa-x2aa.fi\/VilleSantikko\/referenssit\/","title":{"rendered":"Referenssit"},"content":{"rendered":"<p>Kuvamuokkauksia asiakkaiden tarpeiden mukaisesti:<br \/>T\u00e4ss\u00e4 osa niist\u00e4:<\/p>\n<p>\u00a0<\/p>\n\n\n<figure class=\"wp-block-gallery columns-2 is-cropped wp-block-gallery-1 is-layout-flex wp-block-gallery-is-layout-flex\"><ul class=\"blocks-gallery-grid\"><li class=\"blocks-gallery-item\"><figure><a href=\"http:\/\/www.xn--lisbassoa-x2aa.fi\/VilleSantikko\/wp-content\/uploads\/2021\/12\/vaarinkalja.png\"><img loading=\"lazy\" decoding=\"async\" width=\"1024\" height=\"409\" src=\"http:\/\/www.xn--lisbassoa-x2aa.fi\/VilleSantikko\/wp-content\/uploads\/2021\/12\/vaarinkalja-1024x409.png\" alt=\"\" data-id=\"354\" data-full-url=\"http:\/\/www.xn--lisbassoa-x2aa.fi\/VilleSantikko\/wp-content\/uploads\/2021\/12\/vaarinkalja.png\" data-link=\"https:\/\/www.xn--lisbassoa-x2aa.fi\/VilleSantikko\/referenssit\/attachment\/vaarinkalja\/\" class=\"wp-image-354\" srcset=\"http:\/\/www.xn--lisbassoa-x2aa.fi\/VilleSantikko\/wp-content\/uploads\/2021\/12\/vaarinkalja-1024x409.png 1024w, http:\/\/www.xn--lisbassoa-x2aa.fi\/VilleSantikko\/wp-content\/uploads\/2021\/12\/vaarinkalja-300x120.png 300w, http:\/\/www.xn--lisbassoa-x2aa.fi\/VilleSantikko\/wp-content\/uploads\/2021\/12\/vaarinkalja-768x306.png 768w, http:\/\/www.xn--lisbassoa-x2aa.fi\/VilleSantikko\/wp-content\/uploads\/2021\/12\/vaarinkalja-1536x613.png 1536w, http:\/\/www.xn--lisbassoa-x2aa.fi\/VilleSantikko\/wp-content\/uploads\/2021\/12\/vaarinkalja-2048x817.png 2048w\" sizes=\"auto, (max-width: 1024px) 100vw, 1024px\" \/><\/a><\/figure><\/li><li class=\"blocks-gallery-item\"><figure><a href=\"http:\/\/www.xn--lisbassoa-x2aa.fi\/VilleSantikko\/wp-content\/uploads\/2021\/12\/leonella.png\"><img loading=\"lazy\" decoding=\"async\" width=\"1024\" height=\"527\" src=\"http:\/\/www.xn--lisbassoa-x2aa.fi\/VilleSantikko\/wp-content\/uploads\/2021\/12\/leonella-1024x527.png\" alt=\"\" data-id=\"359\" data-full-url=\"http:\/\/www.xn--lisbassoa-x2aa.fi\/VilleSantikko\/wp-content\/uploads\/2021\/12\/leonella.png\" data-link=\"https:\/\/www.xn--lisbassoa-x2aa.fi\/VilleSantikko\/referenssit\/attachment\/leonella\/\" class=\"wp-image-359\" srcset=\"http:\/\/www.xn--lisbassoa-x2aa.fi\/VilleSantikko\/wp-content\/uploads\/2021\/12\/leonella-1024x527.png 1024w, http:\/\/www.xn--lisbassoa-x2aa.fi\/VilleSantikko\/wp-content\/uploads\/2021\/12\/leonella-300x154.png 300w, http:\/\/www.xn--lisbassoa-x2aa.fi\/VilleSantikko\/wp-content\/uploads\/2021\/12\/leonella-768x395.png 768w, http:\/\/www.xn--lisbassoa-x2aa.fi\/VilleSantikko\/wp-content\/uploads\/2021\/12\/leonella.png 1210w\" sizes=\"auto, (max-width: 1024px) 100vw, 1024px\" \/><\/a><\/figure><\/li><\/ul><\/figure>\n\n\n\n<figure class=\"wp-block-gallery columns-3 is-cropped wp-block-gallery-2 is-layout-flex wp-block-gallery-is-layout-flex\"><ul class=\"blocks-gallery-grid\"><li class=\"blocks-gallery-item\"><figure><a href=\"http:\/\/www.xn--lisbassoa-x2aa.fi\/VilleSantikko\/wp-content\/uploads\/2021\/10\/Ducato-Tarjous-HifiStore.png\"><img loading=\"lazy\" decoding=\"async\" width=\"724\" height=\"1024\" src=\"http:\/\/www.xn--lisbassoa-x2aa.fi\/VilleSantikko\/wp-content\/uploads\/2021\/10\/Ducato-Tarjous-HifiStore-724x1024.png\" alt=\"\" data-id=\"295\" data-full-url=\"http:\/\/www.xn--lisbassoa-x2aa.fi\/VilleSantikko\/wp-content\/uploads\/2021\/10\/Ducato-Tarjous-HifiStore.png\" data-link=\"https:\/\/www.xn--lisbassoa-x2aa.fi\/VilleSantikko\/referenssit\/attachment\/ducato-tarjous-hifistore\/\" class=\"wp-image-295\" srcset=\"http:\/\/www.xn--lisbassoa-x2aa.fi\/VilleSantikko\/wp-content\/uploads\/2021\/10\/Ducato-Tarjous-HifiStore-724x1024.png 724w, http:\/\/www.xn--lisbassoa-x2aa.fi\/VilleSantikko\/wp-content\/uploads\/2021\/10\/Ducato-Tarjous-HifiStore-212x300.png 212w, http:\/\/www.xn--lisbassoa-x2aa.fi\/VilleSantikko\/wp-content\/uploads\/2021\/10\/Ducato-Tarjous-HifiStore-768x1086.png 768w, http:\/\/www.xn--lisbassoa-x2aa.fi\/VilleSantikko\/wp-content\/uploads\/2021\/10\/Ducato-Tarjous-HifiStore-1086x1536.png 1086w, http:\/\/www.xn--lisbassoa-x2aa.fi\/VilleSantikko\/wp-content\/uploads\/2021\/10\/Ducato-Tarjous-HifiStore-1448x2048.png 1448w\" sizes=\"auto, (max-width: 724px) 100vw, 724px\" \/><\/a><\/figure><\/li><li class=\"blocks-gallery-item\"><figure><a href=\"http:\/\/www.xn--lisbassoa-x2aa.fi\/VilleSantikko\/wp-content\/uploads\/2021\/10\/Dynamat-VWT6-Tarjous-HifiStore.png\"><img loading=\"lazy\" decoding=\"async\" width=\"724\" height=\"1024\" src=\"http:\/\/www.xn--lisbassoa-x2aa.fi\/VilleSantikko\/wp-content\/uploads\/2021\/10\/Dynamat-VWT6-Tarjous-HifiStore-724x1024.png\" alt=\"\" data-id=\"296\" data-full-url=\"http:\/\/www.xn--lisbassoa-x2aa.fi\/VilleSantikko\/wp-content\/uploads\/2021\/10\/Dynamat-VWT6-Tarjous-HifiStore.png\" data-link=\"https:\/\/www.xn--lisbassoa-x2aa.fi\/VilleSantikko\/referenssit\/attachment\/dynamat-vwt6-tarjous-hifistore\/\" class=\"wp-image-296\" srcset=\"http:\/\/www.xn--lisbassoa-x2aa.fi\/VilleSantikko\/wp-content\/uploads\/2021\/10\/Dynamat-VWT6-Tarjous-HifiStore-724x1024.png 724w, http:\/\/www.xn--lisbassoa-x2aa.fi\/VilleSantikko\/wp-content\/uploads\/2021\/10\/Dynamat-VWT6-Tarjous-HifiStore-212x300.png 212w, http:\/\/www.xn--lisbassoa-x2aa.fi\/VilleSantikko\/wp-content\/uploads\/2021\/10\/Dynamat-VWT6-Tarjous-HifiStore-768x1086.png 768w, http:\/\/www.xn--lisbassoa-x2aa.fi\/VilleSantikko\/wp-content\/uploads\/2021\/10\/Dynamat-VWT6-Tarjous-HifiStore-1086x1536.png 1086w, http:\/\/www.xn--lisbassoa-x2aa.fi\/VilleSantikko\/wp-content\/uploads\/2021\/10\/Dynamat-VWT6-Tarjous-HifiStore-1448x2048.png 1448w\" sizes=\"auto, (max-width: 724px) 100vw, 724px\" \/><\/a><\/figure><\/li><li class=\"blocks-gallery-item\"><figure><a href=\"http:\/\/www.xn--lisbassoa-x2aa.fi\/VilleSantikko\/wp-content\/uploads\/2021\/10\/t6hifi-2017hs.png\"><img loading=\"lazy\" decoding=\"async\" width=\"724\" height=\"1024\" src=\"http:\/\/www.xn--lisbassoa-x2aa.fi\/VilleSantikko\/wp-content\/uploads\/2021\/10\/t6hifi-2017hs-724x1024.png\" alt=\"\" data-id=\"297\" data-full-url=\"http:\/\/www.xn--lisbassoa-x2aa.fi\/VilleSantikko\/wp-content\/uploads\/2021\/10\/t6hifi-2017hs.png\" data-link=\"https:\/\/www.xn--lisbassoa-x2aa.fi\/VilleSantikko\/referenssit\/attachment\/t6hifi-2017hs\/\" class=\"wp-image-297\" srcset=\"http:\/\/www.xn--lisbassoa-x2aa.fi\/VilleSantikko\/wp-content\/uploads\/2021\/10\/t6hifi-2017hs-724x1024.png 724w, http:\/\/www.xn--lisbassoa-x2aa.fi\/VilleSantikko\/wp-content\/uploads\/2021\/10\/t6hifi-2017hs-212x300.png 212w, http:\/\/www.xn--lisbassoa-x2aa.fi\/VilleSantikko\/wp-content\/uploads\/2021\/10\/t6hifi-2017hs-768x1086.png 768w, http:\/\/www.xn--lisbassoa-x2aa.fi\/VilleSantikko\/wp-content\/uploads\/2021\/10\/t6hifi-2017hs-1086x1536.png 1086w, http:\/\/www.xn--lisbassoa-x2aa.fi\/VilleSantikko\/wp-content\/uploads\/2021\/10\/t6hifi-2017hs-1448x2048.png 1448w\" sizes=\"auto, (max-width: 724px) 100vw, 724px\" \/><\/a><\/figure><\/li><\/ul><\/figure>\n\n\n\n<figure class=\"wp-block-gallery columns-3 is-cropped wp-block-gallery-3 is-layout-flex wp-block-gallery-is-layout-flex\"><ul class=\"blocks-gallery-grid\"><li class=\"blocks-gallery-item\"><figure><a href=\"http:\/\/www.xn--lisbassoa-x2aa.fi\/VilleSantikko\/wp-content\/uploads\/2021\/10\/peranurkkashop-pieni.png\"><img loading=\"lazy\" decoding=\"async\" width=\"1024\" height=\"724\" src=\"http:\/\/www.xn--lisbassoa-x2aa.fi\/VilleSantikko\/wp-content\/uploads\/2021\/10\/peranurkkashop-pieni-1024x724.png\" alt=\"\" data-id=\"305\" data-full-url=\"http:\/\/www.xn--lisbassoa-x2aa.fi\/VilleSantikko\/wp-content\/uploads\/2021\/10\/peranurkkashop-pieni.png\" data-link=\"https:\/\/www.xn--lisbassoa-x2aa.fi\/VilleSantikko\/referenssit\/attachment\/peranurkkashop-pieni\/\" class=\"wp-image-305\" srcset=\"http:\/\/www.xn--lisbassoa-x2aa.fi\/VilleSantikko\/wp-content\/uploads\/2021\/10\/peranurkkashop-pieni-1024x724.png 1024w, http:\/\/www.xn--lisbassoa-x2aa.fi\/VilleSantikko\/wp-content\/uploads\/2021\/10\/peranurkkashop-pieni-300x212.png 300w, http:\/\/www.xn--lisbassoa-x2aa.fi\/VilleSantikko\/wp-content\/uploads\/2021\/10\/peranurkkashop-pieni-768x543.png 768w, http:\/\/www.xn--lisbassoa-x2aa.fi\/VilleSantikko\/wp-content\/uploads\/2021\/10\/peranurkkashop-pieni.png 1480w\" sizes=\"auto, (max-width: 1024px) 100vw, 1024px\" \/><\/a><\/figure><\/li><li class=\"blocks-gallery-item\"><figure><a href=\"http:\/\/www.xn--lisbassoa-x2aa.fi\/VilleSantikko\/wp-content\/uploads\/2021\/10\/13521784_10208686179845370_2029654307_n.jpg\"><img loading=\"lazy\" decoding=\"async\" width=\"960\" height=\"960\" src=\"http:\/\/www.xn--lisbassoa-x2aa.fi\/VilleSantikko\/wp-content\/uploads\/2021\/10\/13521784_10208686179845370_2029654307_n.jpg\" alt=\"\" data-id=\"278\" data-full-url=\"http:\/\/www.xn--lisbassoa-x2aa.fi\/VilleSantikko\/wp-content\/uploads\/2021\/10\/13521784_10208686179845370_2029654307_n.jpg\" data-link=\"https:\/\/www.xn--lisbassoa-x2aa.fi\/VilleSantikko\/referenssit\/attachment\/13521784_10208686179845370_2029654307_n\/\" class=\"wp-image-278\" srcset=\"http:\/\/www.xn--lisbassoa-x2aa.fi\/VilleSantikko\/wp-content\/uploads\/2021\/10\/13521784_10208686179845370_2029654307_n.jpg 960w, http:\/\/www.xn--lisbassoa-x2aa.fi\/VilleSantikko\/wp-content\/uploads\/2021\/10\/13521784_10208686179845370_2029654307_n-300x300.jpg 300w, http:\/\/www.xn--lisbassoa-x2aa.fi\/VilleSantikko\/wp-content\/uploads\/2021\/10\/13521784_10208686179845370_2029654307_n-150x150.jpg 150w, http:\/\/www.xn--lisbassoa-x2aa.fi\/VilleSantikko\/wp-content\/uploads\/2021\/10\/13521784_10208686179845370_2029654307_n-768x768.jpg 768w\" sizes=\"auto, (max-width: 960px) 100vw, 960px\" \/><\/a><\/figure><\/li><li class=\"blocks-gallery-item\"><figure><a href=\"http:\/\/www.xn--lisbassoa-x2aa.fi\/VilleSantikko\/wp-content\/uploads\/2021\/10\/LRWorks.png\"><img loading=\"lazy\" decoding=\"async\" width=\"1024\" height=\"724\" src=\"http:\/\/www.xn--lisbassoa-x2aa.fi\/VilleSantikko\/wp-content\/uploads\/2021\/10\/LRWorks-1024x724.png\" alt=\"\" data-id=\"274\" data-full-url=\"http:\/\/www.xn--lisbassoa-x2aa.fi\/VilleSantikko\/wp-content\/uploads\/2021\/10\/LRWorks.png\" data-link=\"https:\/\/www.xn--lisbassoa-x2aa.fi\/VilleSantikko\/referenssit\/attachment\/lrworks\/\" class=\"wp-image-274\" srcset=\"http:\/\/www.xn--lisbassoa-x2aa.fi\/VilleSantikko\/wp-content\/uploads\/2021\/10\/LRWorks-1024x724.png 1024w, http:\/\/www.xn--lisbassoa-x2aa.fi\/VilleSantikko\/wp-content\/uploads\/2021\/10\/LRWorks-300x212.png 300w, http:\/\/www.xn--lisbassoa-x2aa.fi\/VilleSantikko\/wp-content\/uploads\/2021\/10\/LRWorks-768x543.png 768w, http:\/\/www.xn--lisbassoa-x2aa.fi\/VilleSantikko\/wp-content\/uploads\/2021\/10\/LRWorks-1536x1086.png 1536w, http:\/\/www.xn--lisbassoa-x2aa.fi\/VilleSantikko\/wp-content\/uploads\/2021\/10\/LRWorks-2048x1448.png 2048w\" sizes=\"auto, (max-width: 1024px) 100vw, 1024px\" \/><\/a><\/figure><\/li><li class=\"blocks-gallery-item\"><figure><a href=\"http:\/\/www.xn--lisbassoa-x2aa.fi\/VilleSantikko\/wp-content\/uploads\/2021\/10\/peranurkka3d.png\"><img loading=\"lazy\" decoding=\"async\" width=\"1024\" height=\"724\" src=\"http:\/\/www.xn--lisbassoa-x2aa.fi\/VilleSantikko\/wp-content\/uploads\/2021\/10\/peranurkka3d-1024x724.png\" alt=\"\" data-id=\"275\" data-full-url=\"http:\/\/www.xn--lisbassoa-x2aa.fi\/VilleSantikko\/wp-content\/uploads\/2021\/10\/peranurkka3d.png\" data-link=\"https:\/\/www.xn--lisbassoa-x2aa.fi\/VilleSantikko\/referenssit\/attachment\/peranurkka3d\/\" class=\"wp-image-275\" srcset=\"http:\/\/www.xn--lisbassoa-x2aa.fi\/VilleSantikko\/wp-content\/uploads\/2021\/10\/peranurkka3d-1024x724.png 1024w, http:\/\/www.xn--lisbassoa-x2aa.fi\/VilleSantikko\/wp-content\/uploads\/2021\/10\/peranurkka3d-300x212.png 300w, http:\/\/www.xn--lisbassoa-x2aa.fi\/VilleSantikko\/wp-content\/uploads\/2021\/10\/peranurkka3d-768x543.png 768w, http:\/\/www.xn--lisbassoa-x2aa.fi\/VilleSantikko\/wp-content\/uploads\/2021\/10\/peranurkka3d-1536x1086.png 1536w, http:\/\/www.xn--lisbassoa-x2aa.fi\/VilleSantikko\/wp-content\/uploads\/2021\/10\/peranurkka3d-2048x1448.png 2048w\" sizes=\"auto, (max-width: 1024px) 100vw, 1024px\" \/><\/a><\/figure><\/li><li class=\"blocks-gallery-item\"><figure><a href=\"http:\/\/www.xn--lisbassoa-x2aa.fi\/VilleSantikko\/wp-content\/uploads\/2021\/10\/huhtikuu-autosound.png\"><img loading=\"lazy\" decoding=\"async\" width=\"1024\" height=\"683\" src=\"http:\/\/www.xn--lisbassoa-x2aa.fi\/VilleSantikko\/wp-content\/uploads\/2021\/10\/huhtikuu-autosound-1024x683.png\" alt=\"\" data-id=\"293\" data-full-url=\"http:\/\/www.xn--lisbassoa-x2aa.fi\/VilleSantikko\/wp-content\/uploads\/2021\/10\/huhtikuu-autosound.png\" data-link=\"https:\/\/www.xn--lisbassoa-x2aa.fi\/VilleSantikko\/referenssit\/attachment\/huhtikuu-autosound\/\" class=\"wp-image-293\" srcset=\"http:\/\/www.xn--lisbassoa-x2aa.fi\/VilleSantikko\/wp-content\/uploads\/2021\/10\/huhtikuu-autosound-1024x683.png 1024w, http:\/\/www.xn--lisbassoa-x2aa.fi\/VilleSantikko\/wp-content\/uploads\/2021\/10\/huhtikuu-autosound-300x200.png 300w, http:\/\/www.xn--lisbassoa-x2aa.fi\/VilleSantikko\/wp-content\/uploads\/2021\/10\/huhtikuu-autosound-768x512.png 768w, http:\/\/www.xn--lisbassoa-x2aa.fi\/VilleSantikko\/wp-content\/uploads\/2021\/10\/huhtikuu-autosound-1536x1024.png 1536w, http:\/\/www.xn--lisbassoa-x2aa.fi\/VilleSantikko\/wp-content\/uploads\/2021\/10\/huhtikuu-autosound-2048x1366.png 2048w\" sizes=\"auto, (max-width: 1024px) 100vw, 1024px\" \/><\/a><\/figure><\/li><li class=\"blocks-gallery-item\"><figure><a href=\"http:\/\/www.xn--lisbassoa-x2aa.fi\/VilleSantikko\/wp-content\/uploads\/2015\/01\/titanium.png\"><img loading=\"lazy\" decoding=\"async\" width=\"1000\" height=\"1000\" src=\"http:\/\/www.xn--lisbassoa-x2aa.fi\/VilleSantikko\/wp-content\/uploads\/2015\/01\/titanium.png\" alt=\"\" data-id=\"254\" data-full-url=\"http:\/\/www.xn--lisbassoa-x2aa.fi\/VilleSantikko\/wp-content\/uploads\/2015\/01\/titanium.png\" data-link=\"https:\/\/www.xn--lisbassoa-x2aa.fi\/VilleSantikko\/mainokset\/attachment\/titanium\/\" class=\"wp-image-254\" srcset=\"http:\/\/www.xn--lisbassoa-x2aa.fi\/VilleSantikko\/wp-content\/uploads\/2015\/01\/titanium.png 1000w, http:\/\/www.xn--lisbassoa-x2aa.fi\/VilleSantikko\/wp-content\/uploads\/2015\/01\/titanium-150x150.png 150w, http:\/\/www.xn--lisbassoa-x2aa.fi\/VilleSantikko\/wp-content\/uploads\/2015\/01\/titanium-300x300.png 300w, http:\/\/www.xn--lisbassoa-x2aa.fi\/VilleSantikko\/wp-content\/uploads\/2015\/01\/titanium-768x768.png 768w\" sizes=\"auto, (max-width: 1000px) 100vw, 1000px\" \/><\/a><\/figure><\/li><\/ul><\/figure>\n\n\n\n<figure class=\"wp-block-gallery columns-3 is-cropped wp-block-gallery-4 is-layout-flex wp-block-gallery-is-layout-flex\"><ul class=\"blocks-gallery-grid\"><li class=\"blocks-gallery-item\"><figure><a href=\"http:\/\/www.xn--lisbassoa-x2aa.fi\/VilleSantikko\/wp-content\/uploads\/2021\/12\/white.jpg\"><img loading=\"lazy\" decoding=\"async\" width=\"1024\" height=\"576\" src=\"http:\/\/www.xn--lisbassoa-x2aa.fi\/VilleSantikko\/wp-content\/uploads\/2021\/12\/white-1024x576.jpg\" alt=\"\" data-id=\"355\" data-full-url=\"http:\/\/www.xn--lisbassoa-x2aa.fi\/VilleSantikko\/wp-content\/uploads\/2021\/12\/white.jpg\" data-link=\"https:\/\/www.xn--lisbassoa-x2aa.fi\/VilleSantikko\/referenssit\/attachment\/white\/\" class=\"wp-image-355\" srcset=\"http:\/\/www.xn--lisbassoa-x2aa.fi\/VilleSantikko\/wp-content\/uploads\/2021\/12\/white-1024x576.jpg 1024w, http:\/\/www.xn--lisbassoa-x2aa.fi\/VilleSantikko\/wp-content\/uploads\/2021\/12\/white-300x169.jpg 300w, http:\/\/www.xn--lisbassoa-x2aa.fi\/VilleSantikko\/wp-content\/uploads\/2021\/12\/white-768x432.jpg 768w, http:\/\/www.xn--lisbassoa-x2aa.fi\/VilleSantikko\/wp-content\/uploads\/2021\/12\/white-1536x864.jpg 1536w, http:\/\/www.xn--lisbassoa-x2aa.fi\/VilleSantikko\/wp-content\/uploads\/2021\/12\/white.jpg 1920w\" sizes=\"auto, (max-width: 1024px) 100vw, 1024px\" \/><\/a><\/figure><\/li><li class=\"blocks-gallery-item\"><figure><a href=\"http:\/\/www.xn--lisbassoa-x2aa.fi\/VilleSantikko\/wp-content\/uploads\/2021\/12\/pressplaycc.png\"><img loading=\"lazy\" decoding=\"async\" width=\"1000\" height=\"1000\" src=\"http:\/\/www.xn--lisbassoa-x2aa.fi\/VilleSantikko\/wp-content\/uploads\/2021\/12\/pressplaycc.png\" alt=\"\" data-id=\"356\" data-full-url=\"http:\/\/www.xn--lisbassoa-x2aa.fi\/VilleSantikko\/wp-content\/uploads\/2021\/12\/pressplaycc.png\" data-link=\"https:\/\/www.xn--lisbassoa-x2aa.fi\/VilleSantikko\/referenssit\/attachment\/pressplaycc\/\" class=\"wp-image-356\" srcset=\"http:\/\/www.xn--lisbassoa-x2aa.fi\/VilleSantikko\/wp-content\/uploads\/2021\/12\/pressplaycc.png 1000w, http:\/\/www.xn--lisbassoa-x2aa.fi\/VilleSantikko\/wp-content\/uploads\/2021\/12\/pressplaycc-300x300.png 300w, http:\/\/www.xn--lisbassoa-x2aa.fi\/VilleSantikko\/wp-content\/uploads\/2021\/12\/pressplaycc-150x150.png 150w, http:\/\/www.xn--lisbassoa-x2aa.fi\/VilleSantikko\/wp-content\/uploads\/2021\/12\/pressplaycc-768x768.png 768w\" sizes=\"auto, (max-width: 1000px) 100vw, 1000px\" \/><\/a><\/figure><\/li><li class=\"blocks-gallery-item\"><figure><a href=\"http:\/\/www.xn--lisbassoa-x2aa.fi\/VilleSantikko\/wp-content\/uploads\/2021\/12\/chaincaderetroverse.png\"><img loading=\"lazy\" decoding=\"async\" width=\"1024\" height=\"768\" src=\"http:\/\/www.xn--lisbassoa-x2aa.fi\/VilleSantikko\/wp-content\/uploads\/2021\/12\/chaincaderetroverse-1024x768.png\" alt=\"\" data-id=\"357\" data-full-url=\"http:\/\/www.xn--lisbassoa-x2aa.fi\/VilleSantikko\/wp-content\/uploads\/2021\/12\/chaincaderetroverse.png\" data-link=\"https:\/\/www.xn--lisbassoa-x2aa.fi\/VilleSantikko\/referenssit\/attachment\/chaincaderetroverse\/\" class=\"wp-image-357\" srcset=\"http:\/\/www.xn--lisbassoa-x2aa.fi\/VilleSantikko\/wp-content\/uploads\/2021\/12\/chaincaderetroverse-1024x768.png 1024w, http:\/\/www.xn--lisbassoa-x2aa.fi\/VilleSantikko\/wp-content\/uploads\/2021\/12\/chaincaderetroverse-300x225.png 300w, http:\/\/www.xn--lisbassoa-x2aa.fi\/VilleSantikko\/wp-content\/uploads\/2021\/12\/chaincaderetroverse-768x576.png 768w, http:\/\/www.xn--lisbassoa-x2aa.fi\/VilleSantikko\/wp-content\/uploads\/2021\/12\/chaincaderetroverse-1536x1152.png 1536w, http:\/\/www.xn--lisbassoa-x2aa.fi\/VilleSantikko\/wp-content\/uploads\/2021\/12\/chaincaderetroverse.png 1600w\" sizes=\"auto, (max-width: 1024px) 100vw, 1024px\" \/><\/a><\/figure><\/li><li class=\"blocks-gallery-item\"><figure><a href=\"http:\/\/www.xn--lisbassoa-x2aa.fi\/VilleSantikko\/wp-content\/uploads\/2021\/12\/fbcc.png\"><img loading=\"lazy\" decoding=\"async\" width=\"851\" height=\"315\" src=\"http:\/\/www.xn--lisbassoa-x2aa.fi\/VilleSantikko\/wp-content\/uploads\/2021\/12\/fbcc.png\" alt=\"\" data-id=\"358\" data-full-url=\"http:\/\/www.xn--lisbassoa-x2aa.fi\/VilleSantikko\/wp-content\/uploads\/2021\/12\/fbcc.png\" data-link=\"https:\/\/www.xn--lisbassoa-x2aa.fi\/VilleSantikko\/referenssit\/attachment\/fbcc\/\" class=\"wp-image-358\" srcset=\"http:\/\/www.xn--lisbassoa-x2aa.fi\/VilleSantikko\/wp-content\/uploads\/2021\/12\/fbcc.png 851w, http:\/\/www.xn--lisbassoa-x2aa.fi\/VilleSantikko\/wp-content\/uploads\/2021\/12\/fbcc-300x111.png 300w, http:\/\/www.xn--lisbassoa-x2aa.fi\/VilleSantikko\/wp-content\/uploads\/2021\/12\/fbcc-768x284.png 768w\" sizes=\"auto, (max-width: 851px) 100vw, 851px\" \/><\/a><\/figure><\/li><li class=\"blocks-gallery-item\"><figure><a href=\"http:\/\/www.xn--lisbassoa-x2aa.fi\/VilleSantikko\/wp-content\/uploads\/2021\/12\/chaincadeplaytowin.gif\"><img loading=\"lazy\" decoding=\"async\" width=\"576\" height=\"324\" src=\"http:\/\/www.xn--lisbassoa-x2aa.fi\/VilleSantikko\/wp-content\/uploads\/2021\/12\/chaincadeplaytowin.gif\" alt=\"\" data-id=\"370\" data-full-url=\"http:\/\/www.xn--lisbassoa-x2aa.fi\/VilleSantikko\/wp-content\/uploads\/2021\/12\/chaincadeplaytowin.gif\" data-link=\"https:\/\/www.xn--lisbassoa-x2aa.fi\/VilleSantikko\/nft\/attachment\/chaincadeplaytowin\/\" class=\"wp-image-370\"\/><\/a><\/figure><\/li><li class=\"blocks-gallery-item\"><figure><a href=\"http:\/\/www.xn--lisbassoa-x2aa.fi\/VilleSantikko\/wp-content\/uploads\/2021\/12\/tronbikecc-1.gif\"><img loading=\"lazy\" decoding=\"async\" width=\"576\" height=\"324\" src=\"http:\/\/www.xn--lisbassoa-x2aa.fi\/VilleSantikko\/wp-content\/uploads\/2021\/12\/tronbikecc-1.gif\" alt=\"\" data-id=\"372\" data-full-url=\"http:\/\/www.xn--lisbassoa-x2aa.fi\/VilleSantikko\/wp-content\/uploads\/2021\/12\/tronbikecc-1.gif\" data-link=\"https:\/\/www.xn--lisbassoa-x2aa.fi\/VilleSantikko\/nft\/attachment\/tronbikecc-2\/\" class=\"wp-image-372\"\/><\/a><\/figure><\/li><\/ul><\/figure>\n\n\n\n<figure class=\"wp-block-gallery columns-3 is-cropped wp-block-gallery-5 is-layout-flex wp-block-gallery-is-layout-flex\"><ul class=\"blocks-gallery-grid\"><li class=\"blocks-gallery-item\"><figure><a href=\"http:\/\/www.xn--lisbassoa-x2aa.fi\/VilleSantikko\/wp-content\/uploads\/2015\/02\/gz.png\"><img loading=\"lazy\" decoding=\"async\" width=\"300\" height=\"222\" src=\"http:\/\/www.xn--lisbassoa-x2aa.fi\/VilleSantikko\/wp-content\/uploads\/2015\/02\/gz.png\" alt=\"\" data-id=\"79\" data-full-url=\"http:\/\/www.xn--lisbassoa-x2aa.fi\/VilleSantikko\/wp-content\/uploads\/2015\/02\/gz.png\" data-link=\"https:\/\/www.xn--lisbassoa-x2aa.fi\/VilleSantikko\/gz\/\" class=\"wp-image-79\"\/><\/a><\/figure><\/li><li class=\"blocks-gallery-item\"><figure><a href=\"http:\/\/www.xn--lisbassoa-x2aa.fi\/VilleSantikko\/wp-content\/uploads\/2015\/02\/lol.png\"><img loading=\"lazy\" decoding=\"async\" width=\"300\" height=\"222\" src=\"http:\/\/www.xn--lisbassoa-x2aa.fi\/VilleSantikko\/wp-content\/uploads\/2015\/02\/lol.png\" alt=\"\" data-id=\"81\" data-full-url=\"http:\/\/www.xn--lisbassoa-x2aa.fi\/VilleSantikko\/wp-content\/uploads\/2015\/02\/lol.png\" data-link=\"https:\/\/www.xn--lisbassoa-x2aa.fi\/VilleSantikko\/lol\/\" class=\"wp-image-81\"\/><\/a><\/figure><\/li><li class=\"blocks-gallery-item\"><figure><a href=\"http:\/\/www.xn--lisbassoa-x2aa.fi\/VilleSantikko\/wp-content\/uploads\/2015\/02\/kolottaako.png\"><img loading=\"lazy\" decoding=\"async\" width=\"300\" height=\"222\" src=\"http:\/\/www.xn--lisbassoa-x2aa.fi\/VilleSantikko\/wp-content\/uploads\/2015\/02\/kolottaako.png\" alt=\"\" data-id=\"80\" data-full-url=\"http:\/\/www.xn--lisbassoa-x2aa.fi\/VilleSantikko\/wp-content\/uploads\/2015\/02\/kolottaako.png\" data-link=\"https:\/\/www.xn--lisbassoa-x2aa.fi\/VilleSantikko\/kolottaako\/\" class=\"wp-image-80\"\/><\/a><\/figure><\/li><li class=\"blocks-gallery-item\"><figure><a href=\"http:\/\/www.xn--lisbassoa-x2aa.fi\/VilleSantikko\/wp-content\/uploads\/2015\/01\/TAHTS-Medium.jpg\"><img loading=\"lazy\" decoding=\"async\" width=\"543\" height=\"768\" src=\"http:\/\/www.xn--lisbassoa-x2aa.fi\/VilleSantikko\/wp-content\/uploads\/2015\/01\/TAHTS-Medium.jpg\" alt=\"\" data-id=\"129\" data-full-url=\"http:\/\/www.xn--lisbassoa-x2aa.fi\/VilleSantikko\/wp-content\/uploads\/2015\/01\/TAHTS-Medium.jpg\" data-link=\"https:\/\/www.xn--lisbassoa-x2aa.fi\/VilleSantikko\/mainokset\/attachment\/tahts-medium\/\" class=\"wp-image-129\" srcset=\"http:\/\/www.xn--lisbassoa-x2aa.fi\/VilleSantikko\/wp-content\/uploads\/2015\/01\/TAHTS-Medium.jpg 543w, http:\/\/www.xn--lisbassoa-x2aa.fi\/VilleSantikko\/wp-content\/uploads\/2015\/01\/TAHTS-Medium-212x300.jpg 212w\" sizes=\"auto, (max-width: 543px) 100vw, 543px\" \/><\/a><\/figure><\/li><li class=\"blocks-gallery-item\"><figure><a href=\"http:\/\/www.xn--lisbassoa-x2aa.fi\/VilleSantikko\/wp-content\/uploads\/2014\/12\/1800117_10203748118076912_3406854874085101529_o-Medium.jpg\"><img loading=\"lazy\" decoding=\"async\" width=\"543\" height=\"768\" src=\"http:\/\/www.xn--lisbassoa-x2aa.fi\/VilleSantikko\/wp-content\/uploads\/2014\/12\/1800117_10203748118076912_3406854874085101529_o-Medium.jpg\" alt=\"\" data-id=\"120\" data-full-url=\"http:\/\/www.xn--lisbassoa-x2aa.fi\/VilleSantikko\/wp-content\/uploads\/2014\/12\/1800117_10203748118076912_3406854874085101529_o-Medium.jpg\" data-link=\"https:\/\/www.xn--lisbassoa-x2aa.fi\/VilleSantikko\/referenssit\/attachment\/1800117_10203748118076912_3406854874085101529_o-medium\/\" class=\"wp-image-120\" srcset=\"http:\/\/www.xn--lisbassoa-x2aa.fi\/VilleSantikko\/wp-content\/uploads\/2014\/12\/1800117_10203748118076912_3406854874085101529_o-Medium.jpg 543w, http:\/\/www.xn--lisbassoa-x2aa.fi\/VilleSantikko\/wp-content\/uploads\/2014\/12\/1800117_10203748118076912_3406854874085101529_o-Medium-212x300.jpg 212w\" sizes=\"auto, (max-width: 543px) 100vw, 543px\" \/><\/a><\/figure><\/li><li class=\"blocks-gallery-item\"><figure><a href=\"http:\/\/www.xn--lisbassoa-x2aa.fi\/VilleSantikko\/wp-content\/uploads\/2015\/01\/MaxBOOM-k\u00e4siohjelma2013-Medium.jpg\"><img loading=\"lazy\" decoding=\"async\" width=\"543\" height=\"768\" src=\"http:\/\/www.xn--lisbassoa-x2aa.fi\/VilleSantikko\/wp-content\/uploads\/2015\/01\/MaxBOOM-k\u00e4siohjelma2013-Medium.jpg\" alt=\"\" data-id=\"130\" data-full-url=\"http:\/\/www.xn--lisbassoa-x2aa.fi\/VilleSantikko\/wp-content\/uploads\/2015\/01\/MaxBOOM-k\u00e4siohjelma2013-Medium.jpg\" data-link=\"https:\/\/www.xn--lisbassoa-x2aa.fi\/VilleSantikko\/mainokset\/attachment\/maxboom-kasiohjelma2013-medium\/\" class=\"wp-image-130\" srcset=\"http:\/\/www.xn--lisbassoa-x2aa.fi\/VilleSantikko\/wp-content\/uploads\/2015\/01\/MaxBOOM-k\u00e4siohjelma2013-Medium.jpg 543w, http:\/\/www.xn--lisbassoa-x2aa.fi\/VilleSantikko\/wp-content\/uploads\/2015\/01\/MaxBOOM-k\u00e4siohjelma2013-Medium-212x300.jpg 212w\" sizes=\"auto, (max-width: 543px) 100vw, 543px\" \/><\/a><\/figure><\/li><\/ul><\/figure>\n","protected":false},"excerpt":{"rendered":"<p>Kuvamuokkauksia asiakkaiden tarpeiden mukaisesti:T\u00e4ss\u00e4 osa niist\u00e4: \u00a0<\/p>\n","protected":false},"author":1,"featured_media":0,"parent":0,"menu_order":8,"comment_status":"open","ping_status":"closed","template":"","meta":{"footnotes":""},"class_list":["post-10","page","type-page","status-publish","hentry"],"_links":{"self":[{"href":"http:\/\/www.xn--lisbassoa-x2aa.fi\/VilleSantikko\/wp-json\/wp\/v2\/pages\/10","targetHints":{"allow":["GET"]}}],"collection":[{"href":"http:\/\/www.xn--lisbassoa-x2aa.fi\/VilleSantikko\/wp-json\/wp\/v2\/pages"}],"about":[{"href":"http:\/\/www.xn--lisbassoa-x2aa.fi\/VilleSantikko\/wp-json\/wp\/v2\/types\/page"}],"author":[{"embeddable":true,"href":"http:\/\/www.xn--lisbassoa-x2aa.fi\/VilleSantikko\/wp-json\/wp\/v2\/users\/1"}],"replies":[{"embeddable":true,"href":"http:\/\/www.xn--lisbassoa-x2aa.fi\/VilleSantikko\/wp-json\/wp\/v2\/comments?post=10"}],"version-history":[{"count":9,"href":"http:\/\/www.xn--lisbassoa-x2aa.fi\/VilleSantikko\/wp-json\/wp\/v2\/pages\/10\/revisions"}],"predecessor-version":[{"id":377,"href":"http:\/\/www.xn--lisbassoa-x2aa.fi\/VilleSantikko\/wp-json\/wp\/v2\/pages\/10\/revisions\/377"}],"wp:attachment":[{"href":"http:\/\/www.xn--lisbassoa-x2aa.fi\/VilleSantikko\/wp-json\/wp\/v2\/media?parent=10"}],"curies":[{"name":"wp","href":"https:\/\/api.w.org\/{rel}","templated":true}]}}